{"id":658,"date":"2025-05-15T10:59:11","date_gmt":"2025-05-15T10:59:11","guid":{"rendered":"https:\/\/livsmestringhr.no\/?post_type=product&#038;p=658"},"modified":"2025-05-15T11:24:14","modified_gmt":"2025-05-15T11:24:14","slug":"gratis-samtale","status":"publish","type":"product","link":"https:\/\/livsmestringhr.no\/?product=gratis-samtale","title":{"rendered":"Gratis samtale"},"content":{"rendered":"<p><p>\n        <a href=\"#booking\">Book n\u00e5<\/a>\n    <\/p>\n<\/p>\n<p><img decoding=\"async\" src=\"\/wp-content\/uploads\/photo-1547617774-2eb320ad93f5-scaled.jpg\" alt=\"\"><\/p>\n<h4>Invester i deg selv \u2013 det koster ingenting \u00e5 starte:<\/h4>\n<div>Gratis veiledningstime \u2013 30 minutter, kun \u00e9n gang per person.<\/div>\n<h1>Hva kan du forvente:<\/h1>\n<ul>\n<li>\n<h3>Utforske dine utfordringer og behov<\/h3>\n<div>Sammen ser vi n\u00e6rmere p\u00e5 det som er viktig for deg akkurat n\u00e5 \u2013 enten det handler om stress, relasjoner, selvf\u00f8lelse eller noe annet du st\u00e5r i. M\u00e5let er \u00e5 skape klarhet og forst\u00e5 hva du trenger for \u00e5 komme videre.<\/div>\n<\/li>\n<li>\n<h3>F\u00e5 innsikt i mulige veier videre<\/h3>\n<div>Vi snakker om ulike m\u00e5ter du kan m\u00f8te det du st\u00e5r i, og ser p\u00e5 muligheter og ressurser du kanskje ikke har v\u00e6rt bevisst p\u00e5. Det handler ikke om \u00e5 finne alle svarene med \u00e9n gang \u2013 men \u00e5 \u00e5pne opp for nye perspektiver.<\/div>\n<\/li>\n<\/ul>\n<h1>La oss snakke \u2013 n\u00e5r det passer for deg<\/h1>\n<h3>\u2013 Trygg og konfidensiell videosamtale<\/h3>\n<div>\n<p>Velg et tidspunkt som passer deg i kalenderen under. N\u00e5r bookingen er fullf\u00f8rt, vil du motta en bekreftelse med videolink og betalingsinformasjon. Alle samtaler foreg\u00e5r trygt via Zoom eller Google Meet.<\/p>\n<\/div>\n<div>\n\n<script>\n  if (typeof hasAmeliaEntitiesApiCall === 'undefined' && ('' === '' || '' === '1')) {\n    var hasAmeliaEntitiesApiCall = true;\n  }\n  var ameliaShortcodeData = (typeof ameliaShortcodeData === 'undefined') ? [] : ameliaShortcodeData;\n  ameliaShortcodeData.push(\n    {\n      'hasApiCall': (typeof hasAmeliaEntitiesApiCall !== 'undefined') && hasAmeliaEntitiesApiCall,\n      'trigger': '',\n      'trigger_type': '',\n      'triggered_form': 'sbsNew',\n      'in_dialog': '',\n      'show': '',\n      'counter': '1000',\n      'category': '',\n      'service': '4',\n      'employee': '',\n      'location': '',\n      'package': ''\n    }\n  );\n\n  var ameliaShortcodeDataTriggered = (typeof ameliaShortcodeDataTriggered === 'undefined') ? [] : ameliaShortcodeDataTriggered;\n  if (ameliaShortcodeData[ameliaShortcodeData.length - 1].trigger !== '') {\n    if (ameliaShortcodeDataTriggered.filter(a => a.counter === ameliaShortcodeData[ameliaShortcodeData.length - 1].counter).length === 0) {\n      ameliaShortcodeDataTriggered.push(ameliaShortcodeData.pop());\n    } else {\n      ameliaShortcodeData.pop()\n    }\n  }\n  if (typeof hasAmeliaEntitiesApiCall !== 'undefined' && hasAmeliaEntitiesApiCall) {\n    hasAmeliaEntitiesApiCall = false;\n  }\n<\/script>\n\n<div\n  id=\"amelia-v2-booking-1000\"\n  class=\"amelia-v2-booking\"\n >\n    <step-form-wrapper><\/step-form-wrapper><\/div>\n<\/div>\n<div>\n<\/div>\n<p><!--more--><br \/>\n<!-- {\"type\":\"layout\",\"children\":[{\"type\":\"section\",\"props\":{\"height\":\"section\",\"image_position\":\"center-center\",\"style\":\"muted\",\"title_breakpoint\":\"xl\",\"title_position\":\"top-left\",\"title_rotation\":\"left\",\"vertical_align\":\"middle\",\"width\":\"default\"},\"children\":[{\"type\":\"row\",\"props\":{\"layout\":\"1-2,1-2\",\"margin\":\"large\"},\"children\":[{\"type\":\"column\",\"props\":{\"image_position\":\"center-center\",\"position_sticky_breakpoint\":\"m\",\"vertical_align\":\"middle\",\"width_medium\":\"1-2\"},\"children\":[{\"type\":\"headline\",\"props\":{\"text_align\":\"center\",\"title_element\":\"h1\"},\"source\":{\"query\":{\"name\":\"products.singleProduct\"},\"props\":{\"content\":{\"name\":\"title\"}}}},{\"type\":\"text\",\"props\":{\"column_breakpoint\":\"m\",\"content\":\"\",\"margin\":\"default\",\"text_align\":\"center\",\"text_style\":\"large\"}},{\"type\":\"button\",\"props\":{\"button_size\":\"large\",\"grid_column_gap\":\"small\",\"grid_row_gap\":\"small\",\"margin\":\"default\",\"text_align\":\"center\"},\"children\":[{\"type\":\"button_item\",\"props\":{\"button_style\":\"secondary\",\"content\":\"Book n\\u00e5\",\"dialog_layout\":\"modal\",\"dialog_offcanvas_flip\":true,\"icon_align\":\"left\",\"link\":\"#booking\"}}]}]},{\"type\":\"column\",\"props\":{\"image_position\":\"center-center\",\"position_sticky_breakpoint\":\"m\",\"width_medium\":\"1-2\"},\"children\":[{\"type\":\"image\",\"props\":{\"image\":\"wp-content\\\/uploads\\\/photo-1547617774-2eb320ad93f5-scaled.jpg\",\"image_border\":\"pill\",\"image_box_shadow\":\"medium\",\"image_svg_color\":\"emphasis\",\"margin\":\"default\"},\"source\":{\"query\":{\"name\":\"products.singleProduct\"},\"props\":{\"image_alt\":{\"name\":\"featuredImage.alt\"}}}}]}]},{\"type\":\"row\",\"props\":{\"margin\":\"large\"},\"children\":[{\"type\":\"column\",\"props\":{\"image_position\":\"center-center\",\"position_sticky_breakpoint\":\"m\"},\"children\":[{\"type\":\"text\",\"props\":{\"column_breakpoint\":\"m\",\"margin\":\"default\"},\"source\":{\"query\":{\"name\":\"products.singleProduct\"},\"props\":{\"content\":{\"name\":\"excerpt\"}}}}]}]}],\"name\":\"Hero\"},{\"type\":\"section\",\"props\":{\"image_position\":\"center-center\",\"style\":\"default\",\"title_breakpoint\":\"xl\",\"title_position\":\"top-left\",\"title_rotation\":\"left\",\"vertical_align\":\"middle\",\"width\":\"default\"},\"children\":[{\"type\":\"row\",\"children\":[{\"type\":\"column\",\"props\":{\"image_position\":\"center-center\",\"position_sticky_breakpoint\":\"m\"},\"children\":[{\"type\":\"headline\",\"props\":{\"content\":\"Invester i deg selv \\u2013 det koster ingenting \\u00e5 starte:\",\"text_align\":\"center\",\"title_element\":\"h4\"}},{\"type\":\"text\",\"props\":{\"column_breakpoint\":\"m\",\"content\":\"Gratis veiledningstime \\u2013 30 minutter, kun \\u00e9n gang per person.\",\"margin\":\"default\",\"text_align\":\"center\"}}]}]}],\"name\":\"Slogan info\"},{\"type\":\"section\",\"props\":{\"image_position\":\"center-center\",\"style\":\"secondary\",\"title_breakpoint\":\"xl\",\"title_position\":\"top-left\",\"title_rotation\":\"left\",\"vertical_align\":\"middle\",\"width\":\"default\"},\"children\":[{\"type\":\"row\",\"children\":[{\"type\":\"column\",\"props\":{\"image_position\":\"center-center\",\"position_sticky_breakpoint\":\"m\"},\"children\":[{\"type\":\"headline\",\"props\":{\"content\":\"Hva kan du forvente:\",\"title_element\":\"h1\"}},{\"type\":\"description_list\",\"props\":{\"column_breakpoint\":\"m\",\"column_divider\":false,\"layout\":\"grid-2-m\",\"list_element\":\"ul\",\"list_marker\":\"disc\",\"list_style\":\"divider\",\"meta_align\":\"below-content\",\"meta_style\":\"text-meta\",\"show_content\":true,\"show_link\":true,\"show_meta\":true,\"show_title\":true,\"title_colon\":false,\"title_element\":\"div\",\"title_grid_column_gap\":\"small\",\"title_grid_row_gap\":\"small\",\"title_grid_width\":\"auto\",\"title_style\":\"text-bold\"},\"children\":[{\"type\":\"description_list_item\",\"props\":{\"content\":\"Sammen ser vi n\\u00e6rmere p\\u00e5 det som er viktig for deg akkurat n\\u00e5 \\u2013 enten det handler om stress, relasjoner, selvf\\u00f8lelse eller noe annet du st\\u00e5r i. M\\u00e5let er \\u00e5 skape klarhet og forst\\u00e5 hva du trenger for \\u00e5 komme videre.\",\"title\":\"Utforske dine utfordringer og behov\"}},{\"type\":\"description_list_item\",\"props\":{\"content\":\"Vi snakker om ulike m\\u00e5ter du kan m\\u00f8te det du st\\u00e5r i, og ser p\\u00e5 muligheter og ressurser du kanskje ikke har v\\u00e6rt bevisst p\\u00e5. Det handler ikke om \\u00e5 finne alle svarene med \\u00e9n gang \\u2013 men \\u00e5 \\u00e5pne opp for nye perspektiver.\",\"title\":\"F\\u00e5 innsikt i mulige veier videre\"}}]}]}]}],\"name\":\"Hva kan du forvente:\"},{\"type\":\"section\",\"props\":{\"id\":\"booking\",\"image_position\":\"center-center\",\"style\":\"default\",\"title_breakpoint\":\"xl\",\"title_position\":\"top-left\",\"title_rotation\":\"left\",\"vertical_align\":\"middle\",\"width\":\"default\"},\"children\":[{\"type\":\"row\",\"children\":[{\"type\":\"column\",\"props\":{\"image_position\":\"center-center\",\"position_sticky_breakpoint\":\"m\"},\"children\":[{\"type\":\"headline\",\"props\":{\"content\":\"La oss snakke \\u2013 n\\u00e5r det passer for deg\",\"text_align\":\"center\",\"title_element\":\"h1\"}},{\"type\":\"headline\",\"props\":{\"content\":\"\\u2013 Trygg og konfidensiell videosamtale\",\"text_align\":\"center\",\"title_element\":\"h3\"}},{\"type\":\"text\",\"props\":{\"column_breakpoint\":\"m\",\"content\":\"\n\n<p>Velg et tidspunkt som passer deg i kalenderen under. N\\u00e5r bookingen er fullf\\u00f8rt, vil du motta en bekreftelse med videolink og betalingsinformasjon. Alle samtaler foreg\\u00e5r trygt via Zoom eller Google Meet.<\\\/p>\",\"margin\":\"default\",\"text_align\":\"center\"}}]}]},{\"type\":\"row\",\"children\":[{\"type\":\"column\",\"props\":{\"image_position\":\"center-center\",\"position_sticky_breakpoint\":\"m\"},\"children\":[{\"type\":\"html\",\"props\":{\"content\":\"[ameliastepbooking service=4]\"}}]}]}],\"name\":\"booking\"},{\"type\":\"section\",\"props\":{\"image_position\":\"center-center\",\"style\":\"muted\",\"title_breakpoint\":\"xl\",\"title_position\":\"top-left\",\"title_rotation\":\"left\",\"vertical_align\":\"middle\",\"width\":\"default\"},\"children\":[{\"type\":\"row\",\"children\":[{\"type\":\"column\",\"props\":{\"image_position\":\"center-center\",\"position_sticky_breakpoint\":\"m\"},\"children\":[{\"type\":\"grid\",\"props\":{\"content_column_breakpoint\":\"m\",\"filter_align\":\"left\",\"filter_all\":true,\"filter_grid_breakpoint\":\"m\",\"filter_grid_width\":\"auto\",\"filter_position\":\"top\",\"filter_style\":\"tab\",\"grid_default\":\"1\",\"grid_medium\":\"3\",\"icon_width\":80,\"image_align\":\"top\",\"image_grid_breakpoint\":\"m\",\"image_grid_width\":\"1-2\",\"image_svg_color\":\"emphasis\",\"item_animation\":true,\"lightbox_bg_close\":true,\"link_fullwidth\":true,\"link_size\":\"large\",\"link_style\":\"default\",\"link_text\":\"Read more\",\"margin\":\"default\",\"meta_align\":\"below-title\",\"meta_element\":\"div\",\"meta_style\":\"text-meta\",\"panel_link\":true,\"panel_link_hover\":\"true\",\"panel_padding\":\"small\",\"panel_style\":\"card-default\",\"show_content\":true,\"show_hover_image\":true,\"show_hover_video\":true,\"show_image\":true,\"show_link\":true,\"show_meta\":true,\"show_title\":true,\"show_video\":true,\"title_align\":\"top\",\"title_element\":\"h3\",\"title_grid_breakpoint\":\"m\",\"title_grid_width\":\"1-2\",\"title_hover_style\":\"reset\"},\"children\":[{\"type\":\"grid_item\",\"props\":{\"link_text\":\"Les mer\"},\"source\":{\"query\":{\"name\":\"posts.customPosts\",\"arguments\":{\"terms\":[19],\"category_operator\":\"IN\",\"post_tag_operator\":\"IN\",\"users\":[],\"users_operator\":\"IN\",\"offset\":0,\"limit\":10,\"order\":\"date\",\"order_direction\":\"DESC\"}},\"props\":{\"title\":{\"filters\":{\"search\":\"\"},\"name\":\"title\"},\"content\":{\"filters\":{\"search\":\"\",\"limit\":100},\"arguments\":{\"show_intro_text\":true},\"name\":\"content\"},\"image\":{\"filters\":{\"search\":\"\"},\"name\":\"featuredImage.url\"},\"link\":{\"filters\":{\"search\":\"\"},\"name\":\"link\"}}}}]}]}]}],\"name\":\"Se ogs\\u00e5\"}],\"version\":\"4.5.14\"} --><\/p>\n","protected":false},"excerpt":{"rendered":"<p>Book n\u00e5 Invester i deg selv \u2013 det koster ingenting \u00e5 starte: Gratis veiledningstime \u2013 30 minutter, kun \u00e9n gang per person. Hva kan du forvente: Utforske dine utfordringer og behov Sammen ser vi n\u00e6rmere p\u00e5 det som er viktig for deg akkurat n\u00e5 \u2013 enten det handler om stress, relasjoner, selvf\u00f8lelse eller noe annet [&hellip;]<\/p>\n","protected":false},"featured_media":0,"comment_status":"open","ping_status":"closed","template":"","meta":{"om_disable_all_campaigns":false,"_monsterinsights_skip_tracking":false,"_monsterinsights_sitenote_active":false,"_monsterinsights_sitenote_note":"","_monsterinsights_sitenote_category":0},"product_brand":[],"product_cat":[26],"product_tag":[27],"class_list":{"0":"post-658","1":"product","2":"type-product","3":"status-publish","5":"product_cat-timer","6":"product_tag-gratis","8":"first","9":"instock","10":"virtual","11":"taxable","12":"purchasable","13":"product-type-simple"},"aioseo_notices":[],"jetpack_sharing_enabled":true,"_links":{"self":[{"href":"https:\/\/livsmestringhr.no\/index.php?rest_route=\/wp\/v2\/product\/658","targetHints":{"allow":["GET"]}}],"collection":[{"href":"https:\/\/livsmestringhr.no\/index.php?rest_route=\/wp\/v2\/product"}],"about":[{"href":"https:\/\/livsmestringhr.no\/index.php?rest_route=\/wp\/v2\/types\/product"}],"replies":[{"embeddable":true,"href":"https:\/\/livsmestringhr.no\/index.php?rest_route=%2Fwp%2Fv2%2Fcomments&post=658"}],"wp:attachment":[{"href":"https:\/\/livsmestringhr.no\/index.php?rest_route=%2Fwp%2Fv2%2Fmedia&parent=658"}],"wp:term":[{"taxonomy":"product_brand","embeddable":true,"href":"https:\/\/livsmestringhr.no\/index.php?rest_route=%2Fwp%2Fv2%2Fproduct_brand&post=658"},{"taxonomy":"product_cat","embeddable":true,"href":"https:\/\/livsmestringhr.no\/index.php?rest_route=%2Fwp%2Fv2%2Fproduct_cat&post=658"},{"taxonomy":"product_tag","embeddable":true,"href":"https:\/\/livsmestringhr.no\/index.php?rest_route=%2Fwp%2Fv2%2Fproduct_tag&post=658"}],"curies":[{"name":"wp","href":"https:\/\/api.w.org\/{rel}","templated":true}]}}