{"id":2,"date":"2024-06-20T13:46:24","date_gmt":"2024-06-20T13:46:24","guid":{"rendered":"https:\/\/livsmestringhr.no\/?page_id=2"},"modified":"2025-05-15T11:13:36","modified_gmt":"2025-05-15T11:13:36","slug":"hjemmeside","status":"publish","type":"page","link":"https:\/\/livsmestringhr.no\/","title":{"rendered":"Forsiden"},"content":{"rendered":"<h1>F\u00e5 tilbake troen p\u00e5 et godt liv<\/h1>\n<h3>&#8211; Jeg hjelper deg p\u00e5 veien mot m\u00e5let.<\/h3>\n<div>N\u00e5r hverdagen kjennes vanskelig, vil du f\u00f8le styrke n\u00e5r du tar et bevisst valg om \u00e5 s\u00f8ke profesjonell hjelp.\n<\/div>\n<div>Det viser ekte mot \u00e5 ta det f\u00f8rste steget mot et bedre liv.<\/div>\n<ul>\n<li>\n<p>\n        <a href=\"\/index.php?page_id=16\">Om meg<\/a>\n    <\/p>\n<\/li>\n<li>\n<p>\n        <a href=\"\/index.php?page_id=18\">Mine tjenester<\/a>\n    <\/p>\n<\/li>\n<\/ul>\n<p><img decoding=\"async\" src=\"\/wp-content\/uploads\/2024\/06\/dc3cf8d58cddd5986778576bdc4e3dd40d341a29.jpg\" alt=\"\"><\/p>\n<div>\n<\/div>\n<h1>F\u00e5 profesjonell hjelp<\/h1>\n<div>N\u00e5r hverdagen kjennes vanskelig, er det et modig og bevisst valg \u00e5 s\u00f8ke profesjonell hjelp. Det f\u00f8rste steget mot et bedre liv krever mot, og med gode st\u00f8ttespillere ved din side vil du finne veiledningen og motivasjonen til \u00e5 h\u00e5ndtere livets utfordringer.<\/div>\n<div>Ved \u00e5 akseptere og navigere b\u00e5de oppturer og nedturer, l\u00e6rer du \u00e5 mestre hverdagen. Fyll ut skjemaet i dag for en gratis og uforpliktende samtale, s\u00e5 finner vi sammen ut hva som skal til for \u00e5 skape et mer meningsfylt liv.<\/div>\n<div>\n<div class=\"forminator-ui forminator-custom-form forminator-custom-form-27 forminator-design--default  forminator_ajax\" data-forminator-render=\"0\" data-form=\"forminator-module-27\" data-uid=\"69dde93e9142f\"><br\/><\/div><form\n\t\t\t\tid=\"forminator-module-27\"\n\t\t\t\tclass=\"forminator-ui forminator-custom-form forminator-custom-form-27 forminator-design--default  forminator_ajax\"\n\t\t\t\tmethod=\"post\"\n\t\t\t\tdata-forminator-render=\"0\"\n\t\t\t\tdata-form-id=\"27\"\n\t\t\t\t data-color-option=\"default\" data-design=\"default\" data-grid=\"open\" style=\"display: none;\"\n\t\t\t\tdata-uid=\"69dde93e9142f\"\n\t\t\t><div role=\"alert\" aria-live=\"polite\" class=\"forminator-response-message forminator-error\" aria-hidden=\"true\"><\/div><div class=\"forminator-row\"><div id=\"name-1\" class=\"forminator-field-name forminator-col forminator-col-12 \"><div class=\"forminator-field\"><label for=\"forminator-field-name-1_69dde93e9142f\" id=\"forminator-field-name-1_69dde93e9142f-label\" class=\"forminator-label\">Fullt Navn <span class=\"forminator-required\">*<\/span><\/label><input type=\"text\" name=\"name-1\" value=\"\" placeholder=\"\" id=\"forminator-field-name-1_69dde93e9142f\" class=\"forminator-input forminator-name--field\" aria-required=\"true\" autocomplete=\"name\" \/><\/div><\/div><\/div><div class=\"forminator-row\"><div id=\"email-1\" class=\"forminator-field-email forminator-col forminator-col-12 \"><div class=\"forminator-field\"><label for=\"forminator-field-email-1_69dde93e9142f\" id=\"forminator-field-email-1_69dde93e9142f-label\" class=\"forminator-label\">Din E-Postadresse <span class=\"forminator-required\">*<\/span><\/label><input type=\"email\" name=\"email-1\" value=\"\" placeholder=\"\" id=\"forminator-field-email-1_69dde93e9142f\" class=\"forminator-input forminator-email--field\" data-required=\"true\" aria-required=\"true\" autocomplete=\"email\" \/><\/div><\/div><\/div><div class=\"forminator-row\"><div id=\"phone-1\" class=\"forminator-field-phone forminator-col forminator-col-12 \"><div class=\"forminator-field\"><label for=\"forminator-field-phone-1_69dde93e9142f\" id=\"forminator-field-phone-1_69dde93e9142f-label\" class=\"forminator-label\">Mobilnummer <span class=\"forminator-required\">*<\/span><\/label><input type=\"text\" name=\"phone-1\" value=\"\" placeholder=\"\" id=\"forminator-field-phone-1_69dde93e9142f\" class=\"forminator-input forminator-field--phone\" data-required=\"1\" aria-required=\"true\" autocomplete=\"off\" \/><\/div><\/div><\/div><div class=\"forminator-row\"><div id=\"captcha-1\" class=\"forminator-field-captcha forminator-col forminator-col-12 \"><div class=\"forminator-captcha-left forminator-g-recaptcha recaptcha-invisible\" data-theme=\"light\" data-badge=\"inline\" data-sitekey=\"6Le--mAqAAAAABQP336ICSOfnuDocF8bVzSi4IKw\" data-size=\"invisible\"><\/div> <\/div><\/div><input type=\"hidden\" name=\"referer_url\" value=\"\" \/><div class=\"forminator-row forminator-row-last\"><div class=\"forminator-col\"><div class=\"forminator-field\"><button class=\"forminator-button forminator-button-submit\">Send kontakt foresp&oslash;rsel<\/button><\/div><\/div><\/div><input type=\"hidden\" id=\"forminator_nonce\" name=\"forminator_nonce\" value=\"ec71a89d52\" \/><input type=\"hidden\" name=\"_wp_http_referer\" value=\"\/index.php?rest_route=%2Fwp%2Fv2%2Fpages%2F2\" \/><input type=\"hidden\" name=\"form_id\" value=\"27\"><input type=\"hidden\" name=\"page_id\" value=\"2\"><input type=\"hidden\" name=\"form_type\" value=\"default\"><input type=\"hidden\" name=\"current_url\" value=\"https:\/\/livsmestringhr.no\/\"><input type=\"hidden\" name=\"render_id\" value=\"0\"><input type=\"hidden\" name=\"action\" value=\"forminator_submit_form_custom-forms\"><\/form><\/div>\n<p><!--more--><br \/>\n<!-- {\"type\":\"layout\",\"children\":[{\"type\":\"section\",\"props\":{\"image_position\":\"center-center\",\"style\":\"default\",\"title_breakpoint\":\"xl\",\"title_position\":\"top-left\",\"title_rotation\":\"left\",\"vertical_align\":\"middle\",\"width\":\"default\"},\"children\":[{\"type\":\"row\",\"children\":[{\"type\":\"column\",\"props\":{\"image_position\":\"center-center\",\"position_sticky_breakpoint\":\"m\"},\"children\":[{\"type\":\"headline\",\"props\":{\"content\":\"F\\u00e5 tilbake troen p\\u00e5 et godt liv\",\"text_align\":\"center\",\"title_element\":\"h1\"}}]}]},{\"type\":\"row\",\"children\":[{\"type\":\"column\",\"props\":{\"image_position\":\"center-center\",\"position_sticky_breakpoint\":\"m\",\"vertical_align\":\"middle\",\"width_medium\":\"1-2\"},\"children\":[{\"type\":\"headline\",\"props\":{\"content\":\"- Jeg hjelper deg p\\u00e5 veien mot m\\u00e5let.\",\"text_align\":\"center\",\"title_element\":\"h3\"}},{\"type\":\"text\",\"props\":{\"column_breakpoint\":\"m\",\"content\":\"N\\u00e5r hverdagen kjennes vanskelig, vil du f\\u00f8le styrke n\\u00e5r du tar et bevisst valg om \\u00e5 s\\u00f8ke profesjonell hjelp.\\n\",\"margin\":\"default\",\"text_align\":\"center\"}},{\"type\":\"text\",\"props\":{\"column_breakpoint\":\"m\",\"content\":\"Det viser ekte mot \\u00e5 ta det f\\u00f8rste steget mot et bedre liv.\",\"margin\":\"default\",\"text_align\":\"center\"}},{\"type\":\"button\",\"props\":{\"button_size\":\"large\",\"fullwidth\":true,\"grid_column_gap\":\"small\",\"grid_row_gap\":\"small\",\"margin\":\"xlarge\",\"margin_remove_bottom\":true,\"text_align\":\"center\"},\"children\":[{\"type\":\"button_item\",\"props\":{\"button_style\":\"secondary\",\"content\":\"Om meg\",\"dialog_layout\":\"modal\",\"dialog_offcanvas_flip\":true,\"icon_align\":\"left\",\"link\":\"index.php?page_id=16\"}},{\"type\":\"button_item\",\"props\":{\"button_style\":\"secondary\",\"content\":\"Mine tjenester\",\"dialog_layout\":\"modal\",\"dialog_offcanvas_flip\":true,\"icon_align\":\"left\",\"link\":\"index.php?page_id=18\"}}]}]},{\"type\":\"column\",\"props\":{\"image_position\":\"center-center\",\"position_sticky_breakpoint\":\"m\",\"width_medium\":\"1-2\"},\"children\":[{\"type\":\"image\",\"props\":{\"image\":\"wp-content\\\/uploads\\\/2024\\\/06\\\/dc3cf8d58cddd5986778576bdc4e3dd40d341a29.jpg\",\"image_border\":\"rounded\",\"image_box_decoration\":\"shadow\",\"image_box_shadow\":\"medium\",\"image_svg_color\":\"emphasis\",\"margin\":\"default\",\"text_align\":\"center\"}}]}],\"props\":{\"layout\":\"1-2,1-2\"}}]},{\"type\":\"section\",\"props\":{\"image_position\":\"center-center\",\"style\":\"muted\",\"title_breakpoint\":\"xl\",\"title_position\":\"top-left\",\"title_rotation\":\"left\",\"vertical_align\":\"middle\",\"width\":\"default\"},\"children\":[{\"type\":\"row\",\"children\":[{\"type\":\"column\",\"props\":{\"image_position\":\"center-center\",\"position_sticky_breakpoint\":\"m\"},\"children\":[{\"type\":\"panel-slider\",\"props\":{\"content_column_breakpoint\":\"m\",\"icon_width\":80,\"image_align\":\"top\",\"image_grid_breakpoint\":\"m\",\"image_grid_width\":\"1-2\",\"image_svg_color\":\"emphasis\",\"link_style\":\"default\",\"link_text\":\"Read more\",\"margin\":\"default\",\"meta_align\":\"below-title\",\"meta_element\":\"div\",\"meta_style\":\"text-meta\",\"nav\":\"dotnav\",\"nav_align\":\"center\",\"nav_breakpoint\":\"s\",\"panel_match\":true,\"panel_padding\":\"small\",\"panel_style\":\"card-primary\",\"show_content\":true,\"show_hover_image\":true,\"show_hover_video\":true,\"show_image\":true,\"show_link\":true,\"show_meta\":true,\"show_title\":true,\"show_video\":true,\"slidenav\":\"outside\",\"slidenav_breakpoint\":\"xl\",\"slidenav_margin\":\"medium\",\"slidenav_outside_breakpoint\":\"xl\",\"slider_autoplay\":true,\"slider_autoplay_pause\":true,\"slider_gap\":\"default\",\"slider_sets\":true,\"slider_width\":\"\",\"slider_width_default\":\"1-1\",\"slider_width_medium\":\"1-3\",\"title_align\":\"top\",\"title_element\":\"h5\",\"title_grid_breakpoint\":\"m\",\"title_grid_width\":\"1-2\",\"title_hover_style\":\"reset\"},\"children\":[{\"type\":\"panel-slider_item\",\"source\":{\"query\":{\"name\":\"posts.customPosts\",\"arguments\":{\"terms\":[4],\"category_operator\":\"IN\",\"post_tag_operator\":\"IN\",\"users\":[],\"users_operator\":\"IN\",\"offset\":0,\"limit\":10,\"order\":\"date\",\"order_direction\":\"DESC\"}},\"props\":{\"title\":{\"filters\":{\"search\":\"\"},\"name\":\"title\"},\"content\":{\"filters\":{\"search\":\"\"},\"arguments\":{\"show_intro_text\":true},\"name\":\"content\"},\"image\":{\"filters\":{\"search\":\"\"},\"name\":\"featuredImage.url\"}}}}]}]}]}],\"name\":\"Referanser\"},{\"type\":\"section\",\"props\":{\"image_position\":\"center-center\",\"style\":\"default\",\"title_breakpoint\":\"xl\",\"title_position\":\"top-left\",\"title_rotation\":\"left\",\"vertical_align\":\"middle\",\"width\":\"default\"},\"children\":[{\"type\":\"row\",\"children\":[{\"type\":\"column\",\"props\":{\"image_position\":\"center-center\",\"position_sticky_breakpoint\":\"m\"},\"children\":[{\"type\":\"headline\",\"props\":{\"content\":\"F\\u00e5 profesjonell hjelp\",\"title_element\":\"h1\"}},{\"type\":\"text\",\"props\":{\"column_breakpoint\":\"m\",\"content\":\"N\\u00e5r hverdagen kjennes vanskelig, er det et modig og bevisst valg \\u00e5 s\\u00f8ke profesjonell hjelp. Det f\\u00f8rste steget mot et bedre liv krever mot, og med gode st\\u00f8ttespillere ved din side vil du finne veiledningen og motivasjonen til \\u00e5 h\\u00e5ndtere livets utfordringer.\",\"margin\":\"default\"}},{\"type\":\"text\",\"props\":{\"column_breakpoint\":\"m\",\"content\":\"Ved \\u00e5 akseptere og navigere b\\u00e5de oppturer og nedturer, l\\u00e6rer du \\u00e5 mestre hverdagen. Fyll ut skjemaet i dag for en gratis og uforpliktende samtale, s\\u00e5 finner vi sammen ut hva som skal til for \\u00e5 skape et mer meningsfylt liv.\",\"margin\":\"default\"}}]}]},{\"type\":\"row\",\"children\":[{\"type\":\"column\",\"props\":{\"image_position\":\"center-center\",\"position_sticky_breakpoint\":\"m\"},\"children\":[{\"type\":\"html\",\"props\":{\"content\":\"[forminator_form id=\\\"27\\\"]\"}}]}]}]}],\"version\":\"4.5.14\"} --><\/p>\n","protected":false},"excerpt":{"rendered":"<p>F\u00e5 tilbake troen p\u00e5 et godt liv &#8211; Jeg hjelper deg p\u00e5 veien mot m\u00e5let. N\u00e5r hverdagen kjennes vanskelig, vil du f\u00f8le styrke n\u00e5r du tar et bevisst valg om \u00e5 s\u00f8ke profesjonell hjelp. Det viser ekte mot \u00e5 ta det f\u00f8rste steget mot et bedre liv. Om meg Mine tjenester F\u00e5 profesjonell hjelp N\u00e5r [&hellip;]<\/p>\n","protected":false},"author":1,"featured_media":12,"parent":0,"menu_order":0,"comment_status":"closed","ping_status":"closed","template":"","meta":{"om_disable_all_campaigns":false,"_monsterinsights_skip_tracking":false,"_monsterinsights_sitenote_active":false,"_monsterinsights_sitenote_note":"","_monsterinsights_sitenote_category":0,"footnotes":""},"class_list":["post-2","page","type-page","status-publish","has-post-thumbnail","hentry"],"aioseo_notices":[],"jetpack_sharing_enabled":true,"_links":{"self":[{"href":"https:\/\/livsmestringhr.no\/index.php?rest_route=\/wp\/v2\/pages\/2","targetHints":{"allow":["GET"]}}],"collection":[{"href":"https:\/\/livsmestringhr.no\/index.php?rest_route=\/wp\/v2\/pages"}],"about":[{"href":"https:\/\/livsmestringhr.no\/index.php?rest_route=\/wp\/v2\/types\/page"}],"author":[{"embeddable":true,"href":"https:\/\/livsmestringhr.no\/index.php?rest_route=\/wp\/v2\/users\/1"}],"replies":[{"embeddable":true,"href":"https:\/\/livsmestringhr.no\/index.php?rest_route=%2Fwp%2Fv2%2Fcomments&post=2"}],"version-history":[{"count":60,"href":"https:\/\/livsmestringhr.no\/index.php?rest_route=\/wp\/v2\/pages\/2\/revisions"}],"predecessor-version":[{"id":661,"href":"https:\/\/livsmestringhr.no\/index.php?rest_route=\/wp\/v2\/pages\/2\/revisions\/661"}],"wp:featuredmedia":[{"embeddable":true,"href":"https:\/\/livsmestringhr.no\/index.php?rest_route=\/wp\/v2\/media\/12"}],"wp:attachment":[{"href":"https:\/\/livsmestringhr.no\/index.php?rest_route=%2Fwp%2Fv2%2Fmedia&parent=2"}],"curies":[{"name":"wp","href":"https:\/\/api.w.org\/{rel}","templated":true}]}}